{"id":4213595,"date":"2025-10-13T23:38:51","date_gmt":"2025-10-13T23:38:51","guid":{"rendered":"https:\/\/theangloartsandculture.mx\/?page_id=4213595"},"modified":"2025-10-14T05:20:42","modified_gmt":"2025-10-14T05:20:42","slug":"proximamente","status":"publish","type":"page","link":"https:\/\/theangloartsandculture.mx\/","title":{"rendered":"Pr\u00f3ximamente"},"content":{"rendered":"<p>[et_pb_section fb_built=\u00bb1&#8243; fullwidth=\u00bbon\u00bb _builder_version=\u00bb4.27.4&#8243; _module_preset=\u00bbdefault\u00bb hover_enabled=\u00bb0&#8243; locked=\u00bboff\u00bb global_colors_info=\u00bb{}\u00bb height=\u00bb50vh\u00bb max_height=\u00bb50vh\u00bb min_height=\u00bb50vh\u00bb sticky_enabled=\u00bb0&#8243;][et_pb_fullwidth_slider _builder_version=\u00bb4.27.4&#8243; _module_preset=\u00bbdefault\u00bb header_text_color=\u00bb#B39B5D\u00bb body_text_color=\u00bb#B39B5D\u00bb min_height=\u00bb50vh\u00bb custom_padding=\u00bb118px||354px|||\u00bb hover_enabled=\u00bb0&#8243; header_font_size_tablet=\u00bb\u00bb header_font_size_phone=\u00bb18px\u00bb header_font_size_last_edited=\u00bbon|phone\u00bb global_colors_info=\u00bb{}\u00bb transform_styles__hover_enabled=\u00bbon|desktop\u00bb transform_scale__hover_enabled=\u00bbon|desktop\u00bb transform_translate__hover_enabled=\u00bbon|desktop\u00bb transform_rotate__hover_enabled=\u00bbon|desktop\u00bb transform_skew__hover_enabled=\u00bbon|desktop\u00bb transform_origin__hover_enabled=\u00bbon|desktop\u00bb sticky_enabled=\u00bb0&#8243;][et_pb_slide _builder_version=\u00bb4.27.4&#8243; _module_preset=\u00bbdefault\u00bb header_level=\u00bbh2&#8243; header_font=\u00bbRaleway||||||||\u00bb header_text_color=\u00bb#003242&#8243; body_font=\u00bbRaleway|700||on|||||\u00bb body_text_color=\u00bb#003242&#8243; body_font_size=\u00bb48px\u00bb body_line_height=\u00bb1.2em\u00bb background_enable_color=\u00bbon\u00bb background_enable_image=\u00bboff\u00bb text_orientation=\u00bbleft\u00bb max_width=\u00bb100%\u00bb hover_enabled=\u00bb0&#8243; header_font_size_tablet=\u00bb\u00bb header_font_size_phone=\u00bb18px\u00bb header_font_size_last_edited=\u00bbon|phone\u00bb body_font_size_tablet=\u00bb48px\u00bb body_font_size_phone=\u00bb24px\u00bb body_font_size_last_edited=\u00bbon|phone\u00bb global_colors_info=\u00bb{}\u00bb sticky_transition=\u00bbon\u00bb background_color=\u00bb#FFFFFF\u00bb sticky_enabled=\u00bb0&#8243;]<\/p>\n<h3 class=\"xd_anglo_arts_sm_title\"><\/h3>\n<h3 class=\"xd_anglo_arts_sm_title\"><\/h3>\n<h3 class=\"xd_anglo_arts_sm_title\"><span style=\"color: #000000;\"><img loading=\"lazy\" decoding=\"async\" src=\"https:\/\/theangloartsandculture.mx\/wp-content\/uploads\/2025\/08\/arrow-blue@5x.png\" width=\"41\" height=\"42\" alt=\"\" class=\"wp-image-4213450 alignnone size-full\" \/><\/span><\/h3>\n<h3 class=\"xd_anglo_arts_sm_title\"><span style=\"color: #000000;\">The Anglo Arts &amp; Culture<\/span><\/h3>\n<p class=\"xd_anglo_arts_big_title\"><span style=\"color: #000000;\">TRANSFORMAMOS VIDAS<\/span><br \/><span style=\"color: #000000;\">A TRAV\u00c9S DEL ARTE<\/span><br \/><span style=\"color: #000000;\">Y LA CULTURA<\/span><\/p>\n<p class=\"xd_anglo_arts_big_title\"><span style=\"color: #e02b20;\">Pr\u00f3ximamente<\/span><\/p>\n<p>[\/et_pb_slide][\/et_pb_fullwidth_slider][\/et_pb_section]<\/p>\n","protected":false},"excerpt":{"rendered":"<p>The Anglo Arts &amp; Culture TRANSFORMAMOS VIDASA TRAV\u00c9S DEL ARTEY LA CULTURA Pr\u00f3ximamente<\/p>\n","protected":false},"author":1,"featured_media":0,"parent":0,"menu_order":0,"comment_status":"closed","ping_status":"closed","template":"page-template-blank.php","meta":{"_et_pb_use_builder":"on","_et_pb_old_content":"","_et_gb_content_width":"","footnotes":""},"class_list":["post-4213595","page","type-page","status-publish","hentry"],"yoast_head":"<!-- This site is optimized with the Yoast SEO plugin v26.1.1 - https:\/\/yoast.com\/wordpress\/plugins\/seo\/ -->\n<title>Pr\u00f3ximamente - The Anglo Arts and Culture<\/title>\n<meta name=\"robots\" content=\"index, follow, max-snippet:-1, max-image-preview:large, max-video-preview:-1\" \/>\n<link rel=\"canonical\" href=\"https:\/\/theangloartsandculture.mx\/\" \/>\n<meta property=\"og:locale\" content=\"es_ES\" \/>\n<meta property=\"og:type\" content=\"article\" \/>\n<meta property=\"og:title\" content=\"Pr\u00f3ximamente - The Anglo Arts and Culture\" \/>\n<meta property=\"og:description\" content=\"The Anglo Arts &amp; Culture TRANSFORMAMOS VIDASA TRAV\u00c9S DEL ARTEY LA CULTURA Pr\u00f3ximamente\" \/>\n<meta property=\"og:url\" content=\"https:\/\/theangloartsandculture.mx\/\" \/>\n<meta property=\"og:site_name\" content=\"The Anglo Arts and Culture\" \/>\n<meta property=\"article:modified_time\" content=\"2025-10-14T05:20:42+00:00\" \/>\n<meta name=\"twitter:card\" content=\"summary_large_image\" \/>\n<meta name=\"twitter:label1\" content=\"Tiempo de lectura\" \/>\n\t<meta name=\"twitter:data1\" content=\"1 minuto\" \/>\n<script type=\"application\/ld+json\" class=\"yoast-schema-graph\">{\"@context\":\"https:\/\/schema.org\",\"@graph\":[{\"@type\":\"WebPage\",\"@id\":\"https:\/\/theangloartsandculture.mx\/\",\"url\":\"https:\/\/theangloartsandculture.mx\/\",\"name\":\"Pr\u00f3ximamente - The Anglo Arts and Culture\",\"isPartOf\":{\"@id\":\"https:\/\/theangloartsandculture.mx\/#website\"},\"primaryImageOfPage\":{\"@id\":\"https:\/\/theangloartsandculture.mx\/#primaryimage\"},\"image\":{\"@id\":\"https:\/\/theangloartsandculture.mx\/#primaryimage\"},\"thumbnailUrl\":\"https:\/\/theangloartsandculture.mx\/wp-content\/uploads\/2025\/08\/arrow-blue@5x.png\",\"datePublished\":\"2025-10-13T23:38:51+00:00\",\"dateModified\":\"2025-10-14T05:20:42+00:00\",\"breadcrumb\":{\"@id\":\"https:\/\/theangloartsandculture.mx\/#breadcrumb\"},\"inLanguage\":\"es\",\"potentialAction\":[{\"@type\":\"ReadAction\",\"target\":[\"https:\/\/theangloartsandculture.mx\/\"]}]},{\"@type\":\"ImageObject\",\"inLanguage\":\"es\",\"@id\":\"https:\/\/theangloartsandculture.mx\/#primaryimage\",\"url\":\"\",\"contentUrl\":\"\"},{\"@type\":\"BreadcrumbList\",\"@id\":\"https:\/\/theangloartsandculture.mx\/#breadcrumb\",\"itemListElement\":[{\"@type\":\"ListItem\",\"position\":1,\"name\":\"Home\",\"item\":\"https:\/\/theangloartsandculture.mx\/\"},{\"@type\":\"ListItem\",\"position\":2,\"name\":\"Pr\u00f3ximamente\"}]},{\"@type\":\"WebSite\",\"@id\":\"https:\/\/theangloartsandculture.mx\/#website\",\"url\":\"https:\/\/theangloartsandculture.mx\/\",\"name\":\"The Anglo Arts and Culture\",\"description\":\"\",\"publisher\":{\"@id\":\"https:\/\/theangloartsandculture.mx\/#organization\"},\"potentialAction\":[{\"@type\":\"SearchAction\",\"target\":{\"@type\":\"EntryPoint\",\"urlTemplate\":\"https:\/\/theangloartsandculture.mx\/?s={search_term_string}\"},\"query-input\":{\"@type\":\"PropertyValueSpecification\",\"valueRequired\":true,\"valueName\":\"search_term_string\"}}],\"inLanguage\":\"es\"},{\"@type\":\"Organization\",\"@id\":\"https:\/\/theangloartsandculture.mx\/#organization\",\"name\":\"The Anglo Arts and Culture\",\"url\":\"https:\/\/theangloartsandculture.mx\/\",\"logo\":{\"@type\":\"ImageObject\",\"inLanguage\":\"es\",\"@id\":\"https:\/\/theangloartsandculture.mx\/#\/schema\/logo\/image\/\",\"url\":\"https:\/\/theangloartsandculture.mx\/wp-content\/uploads\/2025\/08\/The-Anglo-Arts.png\",\"contentUrl\":\"https:\/\/theangloartsandculture.mx\/wp-content\/uploads\/2025\/08\/The-Anglo-Arts.png\",\"width\":327,\"height\":85,\"caption\":\"The Anglo Arts and Culture\"},\"image\":{\"@id\":\"https:\/\/theangloartsandculture.mx\/#\/schema\/logo\/image\/\"}}]}<\/script>\n<!-- \/ Yoast SEO plugin. -->","yoast_head_json":{"title":"Pr\u00f3ximamente - The Anglo Arts and Culture","robots":{"index":"index","follow":"follow","max-snippet":"max-snippet:-1","max-image-preview":"max-image-preview:large","max-video-preview":"max-video-preview:-1"},"canonical":"https:\/\/theangloartsandculture.mx\/","og_locale":"es_ES","og_type":"article","og_title":"Pr\u00f3ximamente - The Anglo Arts and Culture","og_description":"The Anglo Arts &amp; Culture TRANSFORMAMOS VIDASA TRAV\u00c9S DEL ARTEY LA CULTURA Pr\u00f3ximamente","og_url":"https:\/\/theangloartsandculture.mx\/","og_site_name":"The Anglo Arts and Culture","article_modified_time":"2025-10-14T05:20:42+00:00","twitter_card":"summary_large_image","twitter_misc":{"Tiempo de lectura":"1 minuto"},"schema":{"@context":"https:\/\/schema.org","@graph":[{"@type":"WebPage","@id":"https:\/\/theangloartsandculture.mx\/","url":"https:\/\/theangloartsandculture.mx\/","name":"Pr\u00f3ximamente - The Anglo Arts and Culture","isPartOf":{"@id":"https:\/\/theangloartsandculture.mx\/#website"},"primaryImageOfPage":{"@id":"https:\/\/theangloartsandculture.mx\/#primaryimage"},"image":{"@id":"https:\/\/theangloartsandculture.mx\/#primaryimage"},"thumbnailUrl":"https:\/\/theangloartsandculture.mx\/wp-content\/uploads\/2025\/08\/arrow-blue@5x.png","datePublished":"2025-10-13T23:38:51+00:00","dateModified":"2025-10-14T05:20:42+00:00","breadcrumb":{"@id":"https:\/\/theangloartsandculture.mx\/#breadcrumb"},"inLanguage":"es","potentialAction":[{"@type":"ReadAction","target":["https:\/\/theangloartsandculture.mx\/"]}]},{"@type":"ImageObject","inLanguage":"es","@id":"https:\/\/theangloartsandculture.mx\/#primaryimage","url":"","contentUrl":""},{"@type":"BreadcrumbList","@id":"https:\/\/theangloartsandculture.mx\/#breadcrumb","itemListElement":[{"@type":"ListItem","position":1,"name":"Home","item":"https:\/\/theangloartsandculture.mx\/"},{"@type":"ListItem","position":2,"name":"Pr\u00f3ximamente"}]},{"@type":"WebSite","@id":"https:\/\/theangloartsandculture.mx\/#website","url":"https:\/\/theangloartsandculture.mx\/","name":"The Anglo Arts and Culture","description":"","publisher":{"@id":"https:\/\/theangloartsandculture.mx\/#organization"},"potentialAction":[{"@type":"SearchAction","target":{"@type":"EntryPoint","urlTemplate":"https:\/\/theangloartsandculture.mx\/?s={search_term_string}"},"query-input":{"@type":"PropertyValueSpecification","valueRequired":true,"valueName":"search_term_string"}}],"inLanguage":"es"},{"@type":"Organization","@id":"https:\/\/theangloartsandculture.mx\/#organization","name":"The Anglo Arts and Culture","url":"https:\/\/theangloartsandculture.mx\/","logo":{"@type":"ImageObject","inLanguage":"es","@id":"https:\/\/theangloartsandculture.mx\/#\/schema\/logo\/image\/","url":"https:\/\/theangloartsandculture.mx\/wp-content\/uploads\/2025\/08\/The-Anglo-Arts.png","contentUrl":"https:\/\/theangloartsandculture.mx\/wp-content\/uploads\/2025\/08\/The-Anglo-Arts.png","width":327,"height":85,"caption":"The Anglo Arts and Culture"},"image":{"@id":"https:\/\/theangloartsandculture.mx\/#\/schema\/logo\/image\/"}}]}},"_links":{"self":[{"href":"https:\/\/theangloartsandculture.mx\/index.php?rest_route=\/wp\/v2\/pages\/4213595","targetHints":{"allow":["GET"]}}],"collection":[{"href":"https:\/\/theangloartsandculture.mx\/index.php?rest_route=\/wp\/v2\/pages"}],"about":[{"href":"https:\/\/theangloartsandculture.mx\/index.php?rest_route=\/wp\/v2\/types\/page"}],"author":[{"embeddable":true,"href":"https:\/\/theangloartsandculture.mx\/index.php?rest_route=\/wp\/v2\/users\/1"}],"replies":[{"embeddable":true,"href":"https:\/\/theangloartsandculture.mx\/index.php?rest_route=%2Fwp%2Fv2%2Fcomments&post=4213595"}],"version-history":[{"count":6,"href":"https:\/\/theangloartsandculture.mx\/index.php?rest_route=\/wp\/v2\/pages\/4213595\/revisions"}],"predecessor-version":[{"id":4213605,"href":"https:\/\/theangloartsandculture.mx\/index.php?rest_route=\/wp\/v2\/pages\/4213595\/revisions\/4213605"}],"wp:attachment":[{"href":"https:\/\/theangloartsandculture.mx\/index.php?rest_route=%2Fwp%2Fv2%2Fmedia&parent=4213595"}],"curies":[{"name":"wp","href":"https:\/\/api.w.org\/{rel}","templated":true}]}}